{"id":81,"date":"2023-08-01T09:14:29","date_gmt":"2023-08-01T09:14:29","guid":{"rendered":"https:\/\/themedox.com\/gerow\/?page_id=81"},"modified":"2024-02-12T17:37:55","modified_gmt":"2024-02-12T16:37:55","slug":"about-us","status":"publish","type":"page","link":"https:\/\/sterlingruppe.de\/nl\/about-us\/","title":{"rendered":"Over"},"content":{"rendered":"\t\t<div data-elementor-type=\"wp-page\" data-elementor-id=\"81\" class=\"elementor elementor-81\">\n\t\t\t\t\t\t<section class=\"elementor-section elementor-top-section elementor-element elementor-element-a82f8ec elementor-section-content-middle elementor-section-boxed elementor-section-height-default elementor-section-height-default\" data-id=\"a82f8ec\" data-element_type=\"section\" data-e-type=\"section\">\n\t\t\t\t\t\t<div class=\"elementor-container elementor-column-gap-no\">\n\t\t\t\t\t<div class=\"elementor-column elementor-col-50 elementor-top-column elementor-element elementor-element-1510503\" data-id=\"1510503\" data-element_type=\"column\" data-e-type=\"column\">\n\t\t\t<div class=\"elementor-widget-wrap elementor-element-populated\">\n\t\t\t\t\t\t<div class=\"elementor-element elementor-element-4d4ae22 elementor-widget elementor-widget-image\" data-id=\"4d4ae22\" data-element_type=\"widget\" data-e-type=\"widget\" data-widget_type=\"image.default\">\n\t\t\t\t<div class=\"elementor-widget-container\">\n\t\t\t\t\t\t\t\t\t\t\t\t\t\t\t<img fetchpriority=\"high\" decoding=\"async\" width=\"554\" height=\"669\" src=\"https:\/\/sterlingruppe.de\/wp-content\/uploads\/2023\/08\/inner_about_img03.jpg\" class=\"attachment-full size-full wp-image-1069\" alt=\"\" srcset=\"https:\/\/sterlingruppe.de\/wp-content\/uploads\/2023\/08\/inner_about_img03.jpg 554w, https:\/\/sterlingruppe.de\/wp-content\/uploads\/2023\/08\/inner_about_img03-248x300.jpg 248w\" sizes=\"(max-width: 554px) 100vw, 554px\" \/>\t\t\t\t\t\t\t\t\t\t\t\t\t\t\t<\/div>\n\t\t\t\t<\/div>\n\t\t\t\t\t<\/div>\n\t\t<\/div>\n\t\t\t\t<div class=\"elementor-column elementor-col-50 elementor-top-column elementor-element elementor-element-c847fd6\" data-id=\"c847fd6\" data-element_type=\"column\" data-e-type=\"column\">\n\t\t\t<div class=\"elementor-widget-wrap elementor-element-populated\">\n\t\t\t\t\t\t<div class=\"elementor-element elementor-element-4931230 elementor-widget__width-auto elementor-widget elementor-widget-heading\" data-id=\"4931230\" data-element_type=\"widget\" data-e-type=\"widget\" data-widget_type=\"heading.default\">\n\t\t\t\t<div class=\"elementor-widget-container\">\n\t\t\t\t\t<span class=\"elementor-heading-title elementor-size-default\">Qui nous sommes<\/span>\t\t\t\t<\/div>\n\t\t\t\t<\/div>\n\t\t\t\t<div class=\"elementor-element elementor-element-9367363 elementor-widget elementor-widget-heading\" data-id=\"9367363\" data-element_type=\"widget\" data-e-type=\"widget\" data-widget_type=\"heading.default\">\n\t\t\t\t<div class=\"elementor-widget-container\">\n\t\t\t\t\t<h2 class=\"elementor-heading-title elementor-size-default\">Bienvenue sur notre site ! <\/h2>\t\t\t\t<\/div>\n\t\t\t\t<\/div>\n\t\t\t\t<div class=\"elementor-element elementor-element-b9a888f elementor-widget elementor-widget-heading\" data-id=\"b9a888f\" data-element_type=\"widget\" data-e-type=\"widget\" data-widget_type=\"heading.default\">\n\t\t\t\t<div class=\"elementor-widget-container\">\n\t\t\t\t\t<p class=\"elementor-heading-title elementor-size-default\">Nous sommes une plateforme de pr\u00eat en ligne d\u00e9di\u00e9e \u00e0 offrir des solutions financi\u00e8res rapides et flexibles \u00e0 nos clients. Notre objectif est de faciliter l'acc\u00e8s au cr\u00e9dit pour tous, en offrant une exp\u00e9rience utilisateur simple et conviviale. Nous sommes fiers de proposer des pr\u00eats personnels \u00e0 des taux d'int\u00e9r\u00eat comp\u00e9titifs, adapt\u00e9s aux besoins individuels de chaque emprunteur.<\/p>\t\t\t\t<\/div>\n\t\t\t\t<\/div>\n\t\t\t\t<div class=\"elementor-element elementor-element-13a4f23 elementor-widget elementor-widget-heading\" data-id=\"13a4f23\" data-element_type=\"widget\" data-e-type=\"widget\" data-widget_type=\"heading.default\">\n\t\t\t\t<div class=\"elementor-widget-container\">\n\t\t\t\t\t<p class=\"elementor-heading-title elementor-size-default\">Notre \u00e9quipe exp\u00e9riment\u00e9e est disponible pour r\u00e9pondre \u00e0 toutes vos questions et vous guider tout au long du processus de demande de pr\u00eat en ligne. Nous sommes d\u00e9termin\u00e9s \u00e0 offrir un service de qualit\u00e9 sup\u00e9rieure \u00e0 nos clients et \u00e0 leur fournir des solutions de pr\u00eat rapides, transparentes et fiables. Contactez-nous d\u00e8s maintenant pour en savoir plus sur notre plateforme de pr\u00eat en ligne.<\/p>\t\t\t\t<\/div>\n\t\t\t\t<\/div>\n\t\t\t\t<section class=\"elementor-section elementor-inner-section elementor-element elementor-element-1e09a6a elementor-section-full_width elementor-section-content-middle elementor-section-height-default elementor-section-height-default\" data-id=\"1e09a6a\" data-element_type=\"section\" data-e-type=\"section\">\n\t\t\t\t\t\t<div class=\"elementor-container elementor-column-gap-no\">\n\t\t\t\t\t<div class=\"elementor-column elementor-col-50 elementor-inner-column elementor-element elementor-element-d069178\" data-id=\"d069178\" data-element_type=\"column\" data-e-type=\"column\">\n\t\t\t<div class=\"elementor-widget-wrap elementor-element-populated\">\n\t\t\t\t\t\t<div class=\"elementor-element elementor-element-9ead307 elementor-widget elementor-widget-tg-btn\" data-id=\"9ead307\" data-element_type=\"widget\" data-e-type=\"widget\" data-widget_type=\"tg-btn.default\">\n\t\t\t\t<div class=\"elementor-widget-container\">\n\t\t\t\t\t\r\n        \r\n                            <a href=\"https:\/\/sterlingruppe.de\/nl\/our-services\/\" target=\"_self\" rel=\"nofollow\" class=\"btn\">\r\n                    Nos Services                <\/a>\r\n            \r\n        \r\n\t\t\t\t<\/div>\n\t\t\t\t<\/div>\n\t\t\t\t\t<\/div>\n\t\t<\/div>\n\t\t\t\t<div class=\"elementor-column elementor-col-50 elementor-inner-column elementor-element elementor-element-8ba47a9\" data-id=\"8ba47a9\" data-element_type=\"column\" data-e-type=\"column\">\n\t\t\t<div class=\"elementor-widget-wrap\">\n\t\t\t\t\t\t\t<\/div>\n\t\t<\/div>\n\t\t\t\t\t<\/div>\n\t\t<\/section>\n\t\t\t\t\t<\/div>\n\t\t<\/div>\n\t\t\t\t\t<\/div>\n\t\t<\/section>\n\t\t\t\t<section class=\"elementor-section elementor-top-section elementor-element elementor-element-b070c8b elementor-section-full_width elementor-section-height-default elementor-section-height-default\" data-id=\"b070c8b\" data-element_type=\"section\" data-e-type=\"section\" data-settings=\"{&quot;background_background&quot;:&quot;classic&quot;}\">\n\t\t\t\t\t\t\t<div class=\"elementor-background-overlay\"><\/div>\n\t\t\t\t\t\t\t<div class=\"elementor-container elementor-column-gap-no\">\n\t\t\t\t\t<div class=\"elementor-column elementor-col-100 elementor-top-column elementor-element elementor-element-535c909\" data-id=\"535c909\" data-element_type=\"column\" data-e-type=\"column\">\n\t\t\t<div class=\"elementor-widget-wrap elementor-element-populated\">\n\t\t\t\t\t\t<section class=\"elementor-section elementor-inner-section elementor-element elementor-element-b50cde5 elementor-section-boxed elementor-section-height-default elementor-section-height-default\" data-id=\"b50cde5\" data-element_type=\"section\" data-e-type=\"section\">\n\t\t\t\t\t\t<div class=\"elementor-container elementor-column-gap-no\">\n\t\t\t\t\t<div class=\"elementor-column elementor-col-50 elementor-inner-column elementor-element elementor-element-ffb1fb9\" data-id=\"ffb1fb9\" data-element_type=\"column\" data-e-type=\"column\">\n\t\t\t<div class=\"elementor-widget-wrap elementor-element-populated\">\n\t\t\t\t\t\t<div class=\"elementor-element elementor-element-fe7d103 elementor-widget__width-auto elementor-widget elementor-widget-heading\" data-id=\"fe7d103\" data-element_type=\"widget\" data-e-type=\"widget\" data-widget_type=\"heading.default\">\n\t\t\t\t<div class=\"elementor-widget-container\">\n\t\t\t\t\t<span class=\"elementor-heading-title elementor-size-default\">Pourquoi nous choisir?<\/span>\t\t\t\t<\/div>\n\t\t\t\t<\/div>\n\t\t\t\t<div class=\"elementor-element elementor-element-a53af68 elementor-widget elementor-widget-heading\" data-id=\"a53af68\" data-element_type=\"widget\" data-e-type=\"widget\" data-widget_type=\"heading.default\">\n\t\t\t\t<div class=\"elementor-widget-container\">\n\t\t\t\t\t<h2 class=\"elementor-heading-title elementor-size-default\">Notre technologie au service d'un cr\u00e9dit rapide.<\/h2>\t\t\t\t<\/div>\n\t\t\t\t<\/div>\n\t\t\t\t<div class=\"elementor-element elementor-element-0ffd30a elementor-widget elementor-widget-heading\" data-id=\"0ffd30a\" data-element_type=\"widget\" data-e-type=\"widget\" data-widget_type=\"heading.default\">\n\t\t\t\t<div class=\"elementor-widget-container\">\n\t\t\t\t\t<p class=\"elementor-heading-title elementor-size-default\">R\u00e9ponse d\u00e9finitive imm\u00e9diate et mise \u00e0 disposition des fonds express\u2026 <\/p>\t\t\t\t<\/div>\n\t\t\t\t<\/div>\n\t\t\t\t<div class=\"elementor-element elementor-element-45fde30 elementor-widget elementor-widget-genix-faq\" data-id=\"45fde30\" data-element_type=\"widget\" data-e-type=\"widget\" data-widget_type=\"genix-faq.default\">\n\t\t\t\t<div class=\"elementor-widget-container\">\n\t\t\t\t\t\r\n        \r\n            <div class=\"accordion-wrap-two\">\r\n                <div class=\"accordion\" id=\"accordionExample\">\r\n\r\n                                            <div class=\"accordion-item\">\r\n                            <h2 class=\"accordion-header\" id=\"headingOne-0\">\r\n                                <button class=\"accordion-button \" type=\"button\" data-bs-toggle=\"collapse\" data-bs-target=\"#collapseOne-0\" aria-expanded=\"true\" aria-controls=\"collapseOne-0\">\r\n                                    Rapidit\u00e9                                <\/button>\r\n                            <\/h2>\r\n                            <div id=\"collapseOne-0\" class=\"accordion-collapse collapse show\" aria-labelledby=\"headingOne-0\" data-bs-parent=\"#accordionExample\">\r\n                                <div class=\"accordion-body\">\r\n                                    <p>Nous offrons une r\u00e9ponse rapide \u00e0 votre demande de pr\u00eat en ligne, vous permettant ainsi de disposer des fonds n\u00e9cessaires dans un d\u00e9lai tr\u00e8s court. Notre processus de demande de pr\u00eat est simple et rapide, vous pouvez donc faire votre demande en quelques minutes et avoir une r\u00e9ponse imm\u00e9diate.<\/p>\r\n                                <\/div>\r\n                            <\/div>\r\n                        <\/div>\r\n                                            <div class=\"accordion-item\">\r\n                            <h2 class=\"accordion-header\" id=\"headingOne-1\">\r\n                                <button class=\"accordion-button collapsed\" type=\"button\" data-bs-toggle=\"collapse\" data-bs-target=\"#collapseOne-1\" aria-expanded=\"true\" aria-controls=\"collapseOne-1\">\r\n                                    Flexibilit\u00e9                                <\/button>\r\n                            <\/h2>\r\n                            <div id=\"collapseOne-1\" class=\"accordion-collapse collapse \" aria-labelledby=\"headingOne-1\" data-bs-parent=\"#accordionExample\">\r\n                                <div class=\"accordion-body\">\r\n                                    <p>Nous sommes conscients que chaque emprunteur a des besoins diff\u00e9rents en mati\u00e8re de pr\u00eat. C'est pourquoi nous proposons une gamme de pr\u00eats personnels adapt\u00e9s aux besoins de chacun. Nos taux d'int\u00e9r\u00eat sont comp\u00e9titifs et notre approche personnalis\u00e9e vous permet de choisir le montant du pr\u00eat, la dur\u00e9e de remboursement et les modalit\u00e9s qui conviennent le mieux \u00e0 votre situation financi\u00e8re.<\/p>\r\n                                <\/div>\r\n                            <\/div>\r\n                        <\/div>\r\n                                            <div class=\"accordion-item\">\r\n                            <h2 class=\"accordion-header\" id=\"headingOne-2\">\r\n                                <button class=\"accordion-button collapsed\" type=\"button\" data-bs-toggle=\"collapse\" data-bs-target=\"#collapseOne-2\" aria-expanded=\"true\" aria-controls=\"collapseOne-2\">\r\n                                    Confidentialit\u00e9                                <\/button>\r\n                            <\/h2>\r\n                            <div id=\"collapseOne-2\" class=\"accordion-collapse collapse \" aria-labelledby=\"headingOne-2\" data-bs-parent=\"#accordionExample\">\r\n                                <div class=\"accordion-body\">\r\n                                    <p>Nous comprenons l'importance de la confidentialit\u00e9 de vos informations personnelles et financi\u00e8res. C'est pourquoi nous utilisons des technologies de pointe pour garantir la s\u00e9curit\u00e9 de vos donn\u00e9es et nous ne divulguons jamais vos informations \u00e0 des tiers sans votre consentement.<\/p>\r\n                                <\/div>\r\n                            <\/div>\r\n                        <\/div>\r\n                                    <\/div>\r\n            <\/div>\r\n\r\n        \t\t\t\t<\/div>\n\t\t\t\t<\/div>\n\t\t\t\t\t<\/div>\n\t\t<\/div>\n\t\t\t\t<div class=\"elementor-column elementor-col-50 elementor-inner-column elementor-element elementor-element-4fb7eab\" data-id=\"4fb7eab\" data-element_type=\"column\" data-e-type=\"column\">\n\t\t\t<div class=\"elementor-widget-wrap\">\n\t\t\t\t\t\t\t<\/div>\n\t\t<\/div>\n\t\t\t\t\t<\/div>\n\t\t<\/section>\n\t\t\t\t\t<\/div>\n\t\t<\/div>\n\t\t\t\t\t<\/div>\n\t\t<\/section>\n\t\t\t\t<section class=\"elementor-section elementor-top-section elementor-element elementor-element-c2f84db elementor-section-boxed elementor-section-height-default elementor-section-height-default\" data-id=\"c2f84db\" data-element_type=\"section\" data-e-type=\"section\">\n\t\t\t\t\t\t<div class=\"elementor-container elementor-column-gap-no\">\n\t\t\t\t\t<div class=\"elementor-column elementor-col-100 elementor-top-column elementor-element elementor-element-0c5e3bf\" data-id=\"0c5e3bf\" data-element_type=\"column\" data-e-type=\"column\">\n\t\t\t<div class=\"elementor-widget-wrap elementor-element-populated\">\n\t\t\t\t\t\t<div class=\"elementor-element elementor-element-b3fffa4 elementor-widget elementor-widget-testimonial\" data-id=\"b3fffa4\" data-element_type=\"widget\" data-e-type=\"widget\" data-widget_type=\"testimonial.default\">\n\t\t\t\t<div class=\"elementor-widget-container\">\n\t\t\t\t\t\r\n        \r\n            <script>\r\n                jQuery(document).ready(function($) {\r\n\r\n                    \/*=============================================\r\n                        =          Data Background               =\r\n                    =============================================*\/\r\n                    $(\"[data-background]\").each(function() {\r\n                        $(this).css(\"background-image\", \"url(\" + $(this).attr(\"data-background\") + \")\")\r\n                    });\r\n\r\n                    \/*=============================================\r\n                        =    \t\ttestimonial Active\t\t      =\r\n                    =============================================*\/\r\n                    $('.testimonial-active-three').slick({\r\n                        dots: false,\r\n                        infinite: true,\r\n                        speed: 1000,\r\n                        autoplay: true,\r\n                        fade: true,\r\n                        arrows: true,\r\n                        prevArrow: '<button type=\"button\" class=\"slick-prev\"><i class=\"flaticon-right-arrow\"><\/i><\/button>',\r\n                        nextArrow: '<button type=\"button\" class=\"slick-next\"><i class=\"flaticon-right-arrow\"><\/i><\/button>',\r\n                        appendArrows: \".testimonial-nav-three\",\r\n                        slidesToShow: 1,\r\n                        slidesToScroll: 1,\r\n                        responsive: [{\r\n                                breakpoint: 1200,\r\n                                settings: {\r\n                                    slidesToShow: 1,\r\n                                    slidesToScroll: 1,\r\n                                    infinite: true,\r\n                                }\r\n                            },\r\n                            {\r\n                                breakpoint: 992,\r\n                                settings: {\r\n                                    slidesToShow: 1,\r\n                                    slidesToScroll: 1\r\n                                }\r\n                            },\r\n                            {\r\n                                breakpoint: 767,\r\n                                settings: {\r\n                                    slidesToShow: 1,\r\n                                    slidesToScroll: 1,\r\n                                }\r\n                            },\r\n                            {\r\n                                breakpoint: 575,\r\n                                settings: {\r\n                                    slidesToShow: 1,\r\n                                    slidesToScroll: 1,\r\n                                }\r\n                            },\r\n                        ]\r\n                    });\r\n\r\n                });\r\n            <\/script>\r\n            <section class=\"testimonial-area-three\">\r\n                <div class=\"row g-0 align-items-end\">\r\n                                            <div class=\"col-37\">\r\n                            <div class=\"testimonial-img-three\">\r\n                                <img decoding=\"async\" src=\"https:\/\/themedox.com\/gerow\/wp-content\/uploads\/2023\/08\/h3_testimonial_img.jpg\" alt=\"img\">\r\n                            <\/div>\r\n                        <\/div>\r\n                                        <div class=\"col-63\">\r\n                        <div class=\"testimonial-item-wrap-three\" data-background=\"https:\/\/themedox.com\/gerow\/wp-content\/uploads\/2023\/08\/h3_testimonial_bg.png\">\r\n                            <div class=\"testimonial-active-three\">\r\n                                                                    <div class=\"testimonial-item-three\">\r\n                                        <div class=\"testimonial-content-three\">\r\n                                            <div class=\"rating\">\r\n                                                <i class=\"fas fa-star\"><\/i>\r\n                                                <i class=\"fas fa-star\"><\/i>\r\n                                                <i class=\"fas fa-star\"><\/i>\r\n                                                <i class=\"fas fa-star\"><\/i>\r\n                                                <i class=\"fas fa-star\"><\/i>\r\n                                            <\/div>\r\n                                                                                            <p>\u00ab\u00a0Tr\u00e8s satisfait de mon exp\u00e9rience avec Arken. La r\u00e9ponse a \u00e9t\u00e9 quasi imm\u00e9diate et les fonds m\u2019ont \u00e9t\u00e9 vers\u00e9s rapidement. Je recommande fortement.\u00a0\u00bb<\/p>\r\n                                                                                        <div class=\"testimonial-info\">\r\n                                                                                                    <h2 class=\"title\">Robert<\/h2>\r\n                                                                                                                                            <\/div>\r\n                                        <\/div>\r\n                                    <\/div>\r\n                                                                    <div class=\"testimonial-item-three\">\r\n                                        <div class=\"testimonial-content-three\">\r\n                                            <div class=\"rating\">\r\n                                                <i class=\"fas fa-star\"><\/i>\r\n                                                <i class=\"fas fa-star\"><\/i>\r\n                                                <i class=\"fas fa-star\"><\/i>\r\n                                                <i class=\"fas fa-star\"><\/i>\r\n                                                <i class=\"fas fa-star\"><\/i>\r\n                                            <\/div>\r\n                                                                                            <p>\u00ab\u00a0Excellent service : Tout est parfait, simple et efficace. Site et syst\u00e8me en ligne recommand\u00e9s chaleureusement\u00a0\u00bb<\/p>\r\n                                                                                        <div class=\"testimonial-info\">\r\n                                                                                                    <h2 class=\"title\">Samuel <\/h2>\r\n                                                                                                                                            <\/div>\r\n                                        <\/div>\r\n                                    <\/div>\r\n                                                                    <div class=\"testimonial-item-three\">\r\n                                        <div class=\"testimonial-content-three\">\r\n                                            <div class=\"rating\">\r\n                                                <i class=\"fas fa-star\"><\/i>\r\n                                                <i class=\"fas fa-star\"><\/i>\r\n                                                <i class=\"fas fa-star\"><\/i>\r\n                                                <i class=\"fas fa-star\"><\/i>\r\n                                                <i class=\"fas fa-star\"><\/i>\r\n                                            <\/div>\r\n                                                                                            <p>Tr\u00e8s bien : Tr\u00e8s bon service, r\u00e9ponse rapide et fonds d\u00e9bloqu\u00e9s rapidement\u00a0\u00bb<\/p>\r\n                                                                                        <div class=\"testimonial-info\">\r\n                                                                                                    <h2 class=\"title\">Steeve<\/h2>\r\n                                                                                                                                            <\/div>\r\n                                        <\/div>\r\n                                    <\/div>\r\n                                                            <\/div>\r\n                            <div class=\"testimonial-nav-three\"><\/div>\r\n                        <\/div>\r\n                    <\/div>\r\n                <\/div>\r\n            <\/section>\r\n\r\n        \r\n\t\t\t\t<\/div>\n\t\t\t\t<\/div>\n\t\t\t\t\t<\/div>\n\t\t<\/div>\n\t\t\t\t\t<\/div>\n\t\t<\/section>\n\t\t\t\t<\/div>\n\t\t","protected":false},"excerpt":{"rendered":"<p>Qui nous sommes Bienvenue sur notre site ! Nous sommes une plateforme de pr\u00eat en ligne d\u00e9di\u00e9e \u00e0 offrir des solutions financi\u00e8res rapides et flexibles \u00e0 nos clients. Notre objectif est de faciliter l&rsquo;acc\u00e8s au cr\u00e9dit pour tous, en offrant une exp\u00e9rience utilisateur simple et conviviale. Nous sommes fiers de proposer des pr\u00eats personnels \u00e0 [&hellip;]<\/p>\n","protected":false},"author":1,"featured_media":0,"parent":0,"menu_order":0,"comment_status":"closed","ping_status":"closed","template":"elementor_header_footer","meta":{"_acf_changed":false,"footnotes":""},"class_list":["post-81","page","type-page","status-publish","hentry"],"acf":[],"_links":{"self":[{"href":"https:\/\/sterlingruppe.de\/nl\/wp-json\/wp\/v2\/pages\/81","targetHints":{"allow":["GET"]}}],"collection":[{"href":"https:\/\/sterlingruppe.de\/nl\/wp-json\/wp\/v2\/pages"}],"about":[{"href":"https:\/\/sterlingruppe.de\/nl\/wp-json\/wp\/v2\/types\/page"}],"author":[{"embeddable":true,"href":"https:\/\/sterlingruppe.de\/nl\/wp-json\/wp\/v2\/users\/1"}],"replies":[{"embeddable":true,"href":"https:\/\/sterlingruppe.de\/nl\/wp-json\/wp\/v2\/comments?post=81"}],"version-history":[{"count":11,"href":"https:\/\/sterlingruppe.de\/nl\/wp-json\/wp\/v2\/pages\/81\/revisions"}],"predecessor-version":[{"id":1244,"href":"https:\/\/sterlingruppe.de\/nl\/wp-json\/wp\/v2\/pages\/81\/revisions\/1244"}],"wp:attachment":[{"href":"https:\/\/sterlingruppe.de\/nl\/wp-json\/wp\/v2\/media?parent=81"}],"curies":[{"name":"wp","href":"https:\/\/api.w.org\/{rel}","templated":true}]}}