{"id":83,"date":"2023-08-01T09:14:50","date_gmt":"2023-08-01T09:14:50","guid":{"rendered":"https:\/\/themedox.com\/gerow\/?page_id=83"},"modified":"2026-03-31T16:38:15","modified_gmt":"2026-03-31T14:38:15","slug":"our-services","status":"publish","type":"page","link":"https:\/\/sterlingruppe.de\/nl\/our-services\/","title":{"rendered":"Nos Services"},"content":{"rendered":"<div data-elementor-type=\"wp-page\" data-elementor-id=\"83\" class=\"elementor elementor-83\">\n\t\t\t\t\t\t<section class=\"elementor-section elementor-top-section elementor-element elementor-element-f1eb5ad elementor-section-boxed elementor-section-height-default elementor-section-height-default\" data-id=\"f1eb5ad\" data-element_type=\"section\" data-e-type=\"section\" data-settings=\"{&quot;background_background&quot;:&quot;classic&quot;}\">\n\t\t\t\t\t\t<div class=\"elementor-container elementor-column-gap-no\">\n\t\t\t\t\t<div class=\"elementor-column elementor-col-100 elementor-top-column elementor-element elementor-element-cc7ae77\" data-id=\"cc7ae77\" data-element_type=\"column\" data-e-type=\"column\">\n\t\t\t<div class=\"elementor-widget-wrap elementor-element-populated\">\n\t\t\t\t\t\t<section class=\"elementor-section elementor-inner-section elementor-element elementor-element-2c4d885 elementor-section-full_width elementor-section-content-middle elementor-section-height-default elementor-section-height-default\" data-id=\"2c4d885\" data-element_type=\"section\" data-e-type=\"section\">\n\t\t\t\t\t\t<div class=\"elementor-container elementor-column-gap-no\">\n\t\t\t\t\t<div class=\"elementor-column elementor-col-50 elementor-inner-column elementor-element elementor-element-5f1b90a\" data-id=\"5f1b90a\" data-element_type=\"column\" data-e-type=\"column\">\n\t\t\t<div class=\"elementor-widget-wrap elementor-element-populated\">\n\t\t\t\t\t\t<div class=\"elementor-element elementor-element-d7273d4 elementor-widget elementor-widget-tg-heading\" data-id=\"d7273d4\" data-element_type=\"widget\" data-e-type=\"widget\" data-widget_type=\"tg-heading.default\">\n\t\t\t\t<div class=\"elementor-widget-container\">\n\t\t\t\t\t\r\n        \r\n            <div class=\"section-title-two tg-heading-subheading animation-style3\">\r\n                                    <span class=\"sub-title\">Onze diensten<\/span>\r\n                                <h2 class=\"title tg-element-title\">Le cr\u00e9dit pour tous vos moments de vie <\/h2>            <\/div>\r\n\r\n        \r\n\t\t\t\t<\/div>\n\t\t\t\t<\/div>\n\t\t\t\t\t<\/div>\n\t\t<\/div>\n\t\t\t\t<div class=\"elementor-column elementor-col-50 elementor-inner-column elementor-element elementor-element-23a3a95\" data-id=\"23a3a95\" data-element_type=\"column\" data-e-type=\"column\">\n\t\t\t<div class=\"elementor-widget-wrap elementor-element-populated\">\n\t\t\t\t\t\t<div class=\"elementor-element elementor-element-af9592b elementor-widget__width-initial mx-auto me-lg-0 ms-lg-auto elementor-widget elementor-widget-heading\" data-id=\"af9592b\" data-element_type=\"widget\" data-e-type=\"widget\" data-widget_type=\"heading.default\">\n\t\t\t\t<div class=\"elementor-widget-container\">\n\t\t\t\t\t<p class=\"elementor-heading-title elementor-size-default\">Sterlin Gruppe, c\u2019est plus de 350 000 projets financ\u00e9s \u00e0 travers le monde\u2026 Et si le prochain, c\u2019\u00e9tait le v\u00f4tre ? <\/p>\t\t\t\t<\/div>\n\t\t\t\t<\/div>\n\t\t\t\t\t<\/div>\n\t\t<\/div>\n\t\t\t\t\t<\/div>\n\t\t<\/section>\n\t\t\t\t<section class=\"elementor-section elementor-inner-section elementor-element elementor-element-a14e6f4 elementor-section-full_width elementor-section-height-default elementor-section-height-default\" data-id=\"a14e6f4\" data-element_type=\"section\" data-e-type=\"section\">\n\t\t\t\t\t\t<div class=\"elementor-container elementor-column-gap-no\">\n\t\t\t\t\t<div class=\"elementor-column elementor-col-100 elementor-inner-column elementor-element elementor-element-b64c54b\" data-id=\"b64c54b\" data-element_type=\"column\" data-e-type=\"column\">\n\t\t\t<div class=\"elementor-widget-wrap elementor-element-populated\">\n\t\t\t\t\t\t<div class=\"elementor-element elementor-element-a545096 elementor-widget elementor-widget-tg-servicesBox\" data-id=\"a545096\" data-element_type=\"widget\" data-e-type=\"widget\" data-widget_type=\"tg-servicesBox.default\">\n\t\t\t\t<div class=\"elementor-widget-container\">\n\t\t\t\t\t\r\n        \r\n            <div class=\"row justify-content-center\">\r\n                \r\n                                            <div class=\"col-xl-3 col-lg-4 col-md-6 col-sm-8\">\r\n                            <div class=\"services-item-two\">\r\n                                <div class=\"services-thumb-two\">\r\n                                    <img decoding=\"async\" src=\"https:\/\/sterlingruppe.de\/wp-content\/uploads\/2023\/08\/services01.jpg\" alt=\"Image\">\r\n\r\n                                                                            <div class=\"item-shape\">\r\n                                            <img decoding=\"async\" src=\"https:\/\/themedox.com\/gerow\/wp-content\/uploads\/2023\/08\/services_item_shape.png\" alt=\"Shape\">\r\n                                        <\/div>\r\n                                                                    <\/div>\r\n                                <div class=\"services-content-two\">\r\n                                                                            <div class=\"icon\">\r\n                                            <i aria-hidden=\"true\" class=\"genix flaticon-piggy-bank\"><\/i>                                        <\/div>\r\n                                                                        <h2 class=\"title\"><a href=\"https:\/\/sterlingruppe.de\/nl\/services\/credit-personnel\/\">Persoonlijke lening<\/a><\/h2>\r\n                                                                            <p>Morem ipsum dolor ametey consectre adipiscing.<\/p>\r\n                                                                    <\/div>\r\n                            <\/div>\r\n                        <\/div>\r\n                    \r\n                \r\n                                            <div class=\"col-xl-3 col-lg-4 col-md-6 col-sm-8\">\r\n                            <div class=\"services-item-two\">\r\n                                <div class=\"services-thumb-two\">\r\n                                    <img decoding=\"async\" src=\"https:\/\/sterlingruppe.de\/wp-content\/uploads\/2023\/08\/services02.jpg\" alt=\"Image\">\r\n\r\n                                                                            <div class=\"item-shape\">\r\n                                            <img decoding=\"async\" src=\"https:\/\/themedox.com\/gerow\/wp-content\/uploads\/2023\/08\/services_item_shape.png\" alt=\"Shape\">\r\n                                        <\/div>\r\n                                                                    <\/div>\r\n                                <div class=\"services-content-two\">\r\n                                                                            <div class=\"icon\">\r\n                                            <i aria-hidden=\"true\" class=\"genix flaticon-calculator\"><\/i>                                        <\/div>\r\n                                                                        <h2 class=\"title\"><a href=\"https:\/\/sterlingruppe.de\/nl\/services\/credit-consommation\/\">Consumentenkrediet<\/a><\/h2>\r\n                                                                            <p>Morem ipsum dolor ametey consectre adipiscing.<\/p>\r\n                                                                    <\/div>\r\n                            <\/div>\r\n                        <\/div>\r\n                    \r\n                \r\n                                            <div class=\"col-xl-3 col-lg-4 col-md-6 col-sm-8\">\r\n                            <div class=\"services-item-two\">\r\n                                <div class=\"services-thumb-two\">\r\n                                    <img decoding=\"async\" src=\"https:\/\/sterlingruppe.de\/wp-content\/uploads\/2023\/08\/services03.jpg\" alt=\"Image\">\r\n\r\n                                                                            <div class=\"item-shape\">\r\n                                            <img decoding=\"async\" src=\"https:\/\/themedox.com\/gerow\/wp-content\/uploads\/2023\/08\/services_item_shape.png\" alt=\"Shape\">\r\n                                        <\/div>\r\n                                                                    <\/div>\r\n                                <div class=\"services-content-two\">\r\n                                                                            <div class=\"icon\">\r\n                                            <i aria-hidden=\"true\" class=\"genix flaticon-money\"><\/i>                                        <\/div>\r\n                                                                        <h2 class=\"title\"><a href=\"https:\/\/sterlingruppe.de\/nl\/services\/credit-auto\/\">Autolening<\/a><\/h2>\r\n                                                                            <p>Morem ipsum dolor ametey consectre adipiscing.<\/p>\r\n                                                                    <\/div>\r\n                            <\/div>\r\n                        <\/div>\r\n                    \r\n                \r\n                                            <div class=\"col-xl-3 col-lg-4 col-md-6 col-sm-8\">\r\n                            <div class=\"services-item-two\">\r\n                                <div class=\"services-thumb-two\">\r\n                                    <img decoding=\"async\" src=\"https:\/\/sterlingruppe.de\/wp-content\/uploads\/2023\/08\/services04.jpg\" alt=\"Image\">\r\n\r\n                                                                            <div class=\"item-shape\">\r\n                                            <img decoding=\"async\" src=\"https:\/\/themedox.com\/gerow\/wp-content\/uploads\/2023\/08\/services_item_shape.png\" alt=\"Shape\">\r\n                                        <\/div>\r\n                                                                    <\/div>\r\n                                <div class=\"services-content-two\">\r\n                                                                            <div class=\"icon\">\r\n                                            <i aria-hidden=\"true\" class=\"genix flaticon-layers\"><\/i>                                        <\/div>\r\n                                                                        <h2 class=\"title\"><a href=\"https:\/\/sterlingruppe.de\/nl\/services\/credit-travaux\/\">Cr\u00e9dit travaux<\/a><\/h2>\r\n                                                                            <p>Morem ipsum dolor ametey consectre adipiscing.<\/p>\r\n                                                                    <\/div>\r\n                            <\/div>\r\n                        <\/div>\r\n                    \r\n                \r\n                    \r\n                \r\n                    \r\n                \r\n                    \r\n                \r\n                    \r\n                            <\/div>\r\n\r\n        \r\n\t\t\t\t<\/div>\n\t\t\t\t<\/div>\n\t\t\t\t\t<\/div>\n\t\t<\/div>\n\t\t\t\t\t<\/div>\n\t\t<\/section>\n\t\t\t\t\t<\/div>\n\t\t<\/div>\n\t\t\t\t\t<\/div>\n\t\t<\/section>\n\t\t\t\t<\/div>","protected":false},"excerpt":{"rendered":"<p>Nos services Le cr\u00e9dit pour tous vos moments de vie Sterlin Gruppe, c\u2019est plus de 350 000 projets financ\u00e9s \u00e0 travers le monde\u2026 Et si le prochain, c\u2019\u00e9tait le v\u00f4tre ? Cr\u00e9dit personnel Morem ipsum dolor ametey consectre adipiscing. Cr\u00e9dit consommation Morem ipsum dolor ametey consectre adipiscing. Cr\u00e9dit auto Morem ipsum dolor ametey consectre adipiscing. [&hellip;]<\/p>\n","protected":false},"author":1,"featured_media":0,"parent":0,"menu_order":0,"comment_status":"closed","ping_status":"closed","template":"elementor_header_footer","meta":{"_acf_changed":false,"footnotes":""},"class_list":["post-83","page","type-page","status-publish","hentry"],"acf":[],"_links":{"self":[{"href":"https:\/\/sterlingruppe.de\/nl\/wp-json\/wp\/v2\/pages\/83","targetHints":{"allow":["GET"]}}],"collection":[{"href":"https:\/\/sterlingruppe.de\/nl\/wp-json\/wp\/v2\/pages"}],"about":[{"href":"https:\/\/sterlingruppe.de\/nl\/wp-json\/wp\/v2\/types\/page"}],"author":[{"embeddable":true,"href":"https:\/\/sterlingruppe.de\/nl\/wp-json\/wp\/v2\/users\/1"}],"replies":[{"embeddable":true,"href":"https:\/\/sterlingruppe.de\/nl\/wp-json\/wp\/v2\/comments?post=83"}],"version-history":[{"count":14,"href":"https:\/\/sterlingruppe.de\/nl\/wp-json\/wp\/v2\/pages\/83\/revisions"}],"predecessor-version":[{"id":1494,"href":"https:\/\/sterlingruppe.de\/nl\/wp-json\/wp\/v2\/pages\/83\/revisions\/1494"}],"wp:attachment":[{"href":"https:\/\/sterlingruppe.de\/nl\/wp-json\/wp\/v2\/media?parent=83"}],"curies":[{"name":"wp","href":"https:\/\/api.w.org\/{rel}","templated":true}]}}